{"id":1124,"date":"2022-01-14T16:55:55","date_gmt":"2022-01-14T16:55:55","guid":{"rendered":"https:\/\/ir.exclusive-networks.com\/?page_id=1124"},"modified":"2023-09-15T16:27:25","modified_gmt":"2023-09-15T14:27:25","slug":"cookie-policy","status":"publish","type":"page","link":"https:\/\/ir.exclusive-networks.com\/fr\/cookie-policy\/","title":{"rendered":"Cookie Policy"},"content":{"rendered":"<p>Exclusive Networks et ses filiales, y compris Exclusive Networks mais sans s\u2019y limiter, utilisent des cookies sur leurs sites web pour accueillir les visiteurs, conform\u00e9ment au pr\u00e9sent avis sur les cookies.<\/p>\n<p><strong class=\"lead\">Avis de Cookies<\/strong><\/p>\n<p>Notre site web utilise des cookies pour vous distinguer des autres utilisateurs. Ces cookies nous permettent de vous proposer une exp\u00e9rience utilisateur optimale et d\u2019am\u00e9liorer notre site web. Un cookie est un petit fichier compos\u00e9 de lettres et de chiffres que nous stockons sur votre navigateur ou sur le disque dur de votre appareil, si vous l\u2019acceptez. Via ces cookies, des informations sont transf\u00e9r\u00e9es sur votre appareil.<\/p>\n<p><strong class=\"lead\">Utilisation de Cookies<\/strong><\/p>\n<p><strong>Cookies strictement n\u00e9cessaires.\u00a0<\/strong>Il s\u2019agit de cookies n\u00e9cessaires au fonctionnement de notre site web. Ils vous permettent de vous connecter \u00e0 des zones s\u00e9curis\u00e9es de notre site web, d\u2019utiliser un panier d\u2019achat ou encore de b\u00e9n\u00e9ficier des services de facturation \u00e9lectronique.<\/p>\n<p><strong>Cookies de fonctionnalit\u00e9s.\u00a0<\/strong>Ils sont utilis\u00e9s pour vous reconna\u00eetre lorsque vous revenez sur notre site web. Ces cookies nous permettent de personnaliser nos contenus, de vous appeler par votre nom et de m\u00e9moriser vos pr\u00e9f\u00e9rences, par exemple votre choix de langue ou de r\u00e9gion.<\/p>\n<p><strong>Cookies d\u2019analyse ou de performance.<\/strong>\u00a0Ils nous permettent de reconna\u00eetre chaque utilisateur, de compter le nombre de visiteurs, et de savoir comment ils se d\u00e9placent sur notre site web. Nous pouvons ainsi am\u00e9liorer le fonctionnement de notre site web, en veillant, par exemple, \u00e0 ce que chacun trouve facilement ce qu\u2019il recherche.<\/p>\n<p><strong>Cookies de ciblage.\u00a0<\/strong>Ces cookies enregistrent votre visite, les pages que vous avez visit\u00e9es et les liens que vous avez suivis. Nous utilisons ces informations pour rendre notre site web plus pertinent et la publicit\u00e9 plus en accord avec vos int\u00e9r\u00eats. Nous pouvons \u00e9galement partager ces informations avec des tiers \u00e0 cette fin.<\/p>\n<p><strong class=\"lead\">Terminologie relative aux cookies<\/strong><\/p>\n<p><strong>Cookies de premi\u00e8res et tierces parties<\/strong><\/p>\n<p>Les cookies de premi\u00e8re partie sont des cookies d\u00e9finis par notre site web.<\/p>\n<p>Les cookies de tierce partie appartiennent \u00e0 d\u2019autres domaines. Il peut s\u2019agir de r\u00e9seaux publicitaires et des fournisseurs de services externes, tels que des services d\u2019analyse de trafic web. Pour plus d\u2019informations, veuillez consulter notre tableau des cookies.<\/p>\n<p><strong>Cookies de session et cookies persistants<\/strong><\/p>\n<p>Les cookies de session sont des cookies qui expirent une fois que vous fermez votre navigateur web. Les cookies persistants sont des cookies qui restent sur votre appareil pendant une p\u00e9riode d\u00e9termin\u00e9e ou jusqu\u2019\u00e0 ce que vous les supprimiez. Pour plus d\u2019informations, veuillez consulter notre tableau des cookies.<\/p>\n<p>Vous pouvez modifier les param\u00e8tres de consentement des cookies\u00a0: soit lorsque vous visitez nos sites web pour la premi\u00e8re fois via la banni\u00e8re de cookies, soit \u00e0 tout moment en utilisant le bouton \u00ab G\u00e9rer les cookies \u00bb situ\u00e9 dans le coin inf\u00e9rieur gauche de la page. Vous pouvez \u00e9galement modifier les param\u00e8tres de votre navigateur, afin que les cookies de nos sites web ne puissent \u00eatre ni envoy\u00e9s, ni stock\u00e9s sur votre appareil. Toutefois, si vous bloquez certains cookies comme les cookies strictement n\u00e9cessaires, il se peut que vous ne puissiez pas acc\u00e9der \u00e0 tout ou partie de notre site web.<\/p>\n<p>Via votre navigateur, vous pouvez choisir de supprimer les cookies ayant d\u00e9j\u00e0 \u00e9t\u00e9 stock\u00e9s. La proc\u00e9dure \u00e0 suivre d\u00e9pend de chaque navigateur. Si vous avez des questions, vous pouvez consulter la rubrique d\u2019aide de votre navigateur, lire la documentation disponible, ou encore contacter l\u2019\u00e9diteur du navigateur afin d\u2019obtenir une assistance.<\/p>\n<p>Pour en savoir plus sur les cookies, rendez-vous sur\u00a0<u>www.aboutcookies.org<\/u>\u00a0ou sur\u00a0<u>www.allaboutcookies.org<\/u>.<\/p>\n<p class=\"lead\"><strong>Contact<\/strong><\/p>\n<p>Pour toute question concernant notre utilisation de vos informations personnelles, vous pouvez nous \u00e9crire \u00e0\u00a0<a href=\"mailto:marketing@exclusive-networks.com\">marketing@exclusive-networks.com<\/a>.<\/p>\n<p><strong class=\"lead\">Tableau des cookies<\/strong><\/p>\n<table class=\"wt-cli-element cookielawinfo-classic cookielawinfo-row-cat-table\"><thead><tr><th scope=\"col\" class=\"cookielawinfo-column-1\">Cookie<\/th><th scope=\"col\" class=\"cookielawinfo-column-2\">Type<\/th><th scope=\"col\" class=\"cookielawinfo-column-3\">Dur\u00e9e<\/th><th scope=\"col\" class=\"cookielawinfo-column-4\">Description<\/th><\/thead><tbody><tr class=\"cookielawinfo-row-cat-title\"><th colspan=\"4\" class=\"cookielawinfo-row-cat-title-head\">Strictly Necessary Cookies<\/th><\/tr><tr class=\"cookielawinfo-row\"><td class=\"cookielawinfo-column-1\">cookielawinfo-checkbox-advertisement<\/td><td class=\"cookielawinfo-column-2\"><\/td><td class=\"cookielawinfo-column-3\">1 month<\/td><td class=\"cookielawinfo-column-4\">Set by the GDPR Cookie Consent plugin, this cookie is used to record the user consent for the cookies in the \"Advertisement\" category .<\/td><\/tr><tr class=\"cookielawinfo-row\"><td class=\"cookielawinfo-column-1\">viewed_cookie_policy<\/td><td class=\"cookielawinfo-column-2\">0<\/td><td class=\"cookielawinfo-column-3\">11 months<\/td><td class=\"cookielawinfo-column-4\">The cookie is set by the GDPR Cookie Consent plugin and is used to store whether or not user has consented to the use of cookies. It does not store any personal data.<\/td><\/tr><tr class=\"cookielawinfo-row\"><td class=\"cookielawinfo-column-1\">cookielawinfo-checkbox-necessary<\/td><td class=\"cookielawinfo-column-2\">0<\/td><td class=\"cookielawinfo-column-3\">11 months<\/td><td class=\"cookielawinfo-column-4\">This cookie is set by GDPR Cookie Consent plugin. The cookies is used to store the user consent for the cookies in the category \"Necessary\".<\/td><\/tr><tr class=\"cookielawinfo-row\"><td class=\"cookielawinfo-column-1\">cookielawinfo-checkbox-functional<\/td><td class=\"cookielawinfo-column-2\">0<\/td><td class=\"cookielawinfo-column-3\">11 months<\/td><td class=\"cookielawinfo-column-4\">The cookie is set by GDPR cookie consent to record the user consent for the cookies in the category \"Functional\".<\/td><\/tr><tr class=\"cookielawinfo-row\"><td class=\"cookielawinfo-column-1\">cookielawinfo-checkbox-performance<\/td><td class=\"cookielawinfo-column-2\">0<\/td><td class=\"cookielawinfo-column-3\">11 months<\/td><td class=\"cookielawinfo-column-4\">This cookie is set by GDPR Cookie Consent plugin. The cookie is used to store the user consent for the cookies in the category \"Performance\".<\/td><\/tr><tr class=\"cookielawinfo-row\"><td class=\"cookielawinfo-column-1\">cookielawinfo-checkbox-analytics<\/td><td class=\"cookielawinfo-column-2\">0<\/td><td class=\"cookielawinfo-column-3\">11 months<\/td><td class=\"cookielawinfo-column-4\">This cookie is set by GDPR Cookie Consent plugin. The cookie is used to store the user consent for the cookies in the category \"Analytics\".<\/td><\/tr><tr class=\"cookielawinfo-row\"><td class=\"cookielawinfo-column-1\">cookielawinfo-checkbox-others<\/td><td class=\"cookielawinfo-column-2\">0<\/td><td class=\"cookielawinfo-column-3\">11 months<\/td><td class=\"cookielawinfo-column-4\">This cookie is set by GDPR Cookie Consent plugin. The cookie is used to store the user consent for the cookies in the category \"Other.<\/td><\/tr><tr class=\"cookielawinfo-row-cat-title\"><th colspan=\"4\" class=\"cookielawinfo-row-cat-title-head\">Analytical or Performance Cookies<\/th><\/tr><tr class=\"cookielawinfo-row\"><td class=\"cookielawinfo-column-1\">_ga_H66279KR2D<\/td><td class=\"cookielawinfo-column-2\"><\/td><td class=\"cookielawinfo-column-3\">2 years<\/td><td class=\"cookielawinfo-column-4\">This cookie is installed by Google Analytics.<\/td><\/tr><tr class=\"cookielawinfo-row\"><td class=\"cookielawinfo-column-1\">_ga<\/td><td class=\"cookielawinfo-column-2\"><\/td><td class=\"cookielawinfo-column-3\">2 years<\/td><td class=\"cookielawinfo-column-4\">The _ga cookie, installed by Google Analytics, calculates visitor, session and campaign data and also keeps track of site usage for the site's analytics report. The cookie stores information anonymously and assigns a randomly generated number to recognize unique visitors.<\/td><\/tr><tr class=\"cookielawinfo-row\"><td class=\"cookielawinfo-column-1\">CONSENT<\/td><td class=\"cookielawinfo-column-2\"><\/td><td class=\"cookielawinfo-column-3\">2 years<\/td><td class=\"cookielawinfo-column-4\">YouTube sets this cookie via embedded youtube-videos and registers anonymous statistical data.<\/td><\/tr><tr class=\"cookielawinfo-row-cat-title\"><th colspan=\"4\" class=\"cookielawinfo-row-cat-title-head\">Targeting Cookies<\/th><\/tr><tr class=\"cookielawinfo-row\"><td class=\"cookielawinfo-column-1\">YSC<\/td><td class=\"cookielawinfo-column-2\"><\/td><td class=\"cookielawinfo-column-3\">session<\/td><td class=\"cookielawinfo-column-4\">YSC cookie is set by Youtube and is used to track the views of embedded videos on Youtube pages.<\/td><\/tr><tr class=\"cookielawinfo-row\"><td class=\"cookielawinfo-column-1\">VISITOR_INFO1_LIVE<\/td><td class=\"cookielawinfo-column-2\"><\/td><td class=\"cookielawinfo-column-3\">5 months 27 days<\/td><td class=\"cookielawinfo-column-4\">A cookie set by YouTube to measure bandwidth that determines whether the user gets the new or old player interface.<\/td><\/tr><tr class=\"cookielawinfo-row\"><td class=\"cookielawinfo-column-1\">yt-remote-device-id<\/td><td class=\"cookielawinfo-column-2\"><\/td><td class=\"cookielawinfo-column-3\">never<\/td><td class=\"cookielawinfo-column-4\">YouTube sets this cookie to store the video preferences of the user using embedded YouTube video.<\/td><\/tr><tr class=\"cookielawinfo-row\"><td class=\"cookielawinfo-column-1\">yt.innertube::requests<\/td><td class=\"cookielawinfo-column-2\"><\/td><td class=\"cookielawinfo-column-3\">never<\/td><td class=\"cookielawinfo-column-4\">This cookie, set by YouTube, registers a unique ID to store data on what videos from YouTube the user has seen.<\/td><\/tr><tr class=\"cookielawinfo-row\"><td class=\"cookielawinfo-column-1\">yt.innertube::nextId<\/td><td class=\"cookielawinfo-column-2\"><\/td><td class=\"cookielawinfo-column-3\">never<\/td><td class=\"cookielawinfo-column-4\">This cookie, set by YouTube, registers a unique ID to store data on what videos from YouTube the user has seen.<\/td><\/tr><tr class=\"cookielawinfo-row\"><td class=\"cookielawinfo-column-1\">yt-remote-connected-devices<\/td><td class=\"cookielawinfo-column-2\"><\/td><td class=\"cookielawinfo-column-3\">never<\/td><td class=\"cookielawinfo-column-4\">YouTube sets this cookie to store the video preferences of the user using embedded YouTube video.<\/td><\/tr><\/tbody><\/table>\n","protected":false},"excerpt":{"rendered":"<p>Exclusive Networks et ses filiales, y compris Exclusive Networks mais sans s\u2019y limiter, utilisent [&hellip;]<\/p>\n","protected":false},"author":1,"featured_media":0,"parent":0,"menu_order":0,"comment_status":"closed","ping_status":"closed","template":"","meta":{"_acf_changed":false,"inline_featured_image":false,"footnotes":""},"class_list":["post-1124","page","type-page","status-publish","hentry"],"acf":[],"yoast_head":"<!-- This site is optimized with the Yoast SEO Premium plugin v22.4 (Yoast SEO v27.4) - https:\/\/yoast.com\/product\/yoast-seo-premium-wordpress\/ -->\n<title>Exclusive Networks Cookie Policy<\/title>\n<meta name=\"description\" content=\"View the Exclusive Networks cookie policy.\" \/>\n<meta name=\"robots\" content=\"index, follow, max-snippet:-1, max-image-preview:large, max-video-preview:-1\" \/>\n<link rel=\"canonical\" href=\"https:\/\/ir.exclusive-networks.com\/fr\/cookie-policy\/\" \/>\n<meta property=\"og:locale\" content=\"fr_FR\" \/>\n<meta property=\"og:type\" content=\"article\" \/>\n<meta property=\"og:title\" content=\"Cookie Policy\" \/>\n<meta property=\"og:description\" content=\"View the Exclusive Networks cookie policy.\" \/>\n<meta property=\"og:url\" content=\"https:\/\/ir.exclusive-networks.com\/fr\/cookie-policy\/\" \/>\n<meta property=\"og:site_name\" content=\"Exclusive Networks Investor Relations - France\" \/>\n<meta property=\"article:modified_time\" content=\"2023-09-15T14:27:25+00:00\" \/>\n<meta name=\"twitter:card\" content=\"summary_large_image\" \/>\n<meta name=\"twitter:label1\" content=\"Dur\u00e9e de lecture estim\u00e9e\" \/>\n\t<meta name=\"twitter:data1\" content=\"3 minutes\" \/>\n<script type=\"application\/ld+json\" class=\"yoast-schema-graph\">{\"@context\":\"https:\\\/\\\/schema.org\",\"@graph\":[{\"@type\":\"WebPage\",\"@id\":\"https:\\\/\\\/ir.exclusive-networks.com\\\/fr\\\/cookie-policy\\\/\",\"url\":\"https:\\\/\\\/ir.exclusive-networks.com\\\/fr\\\/cookie-policy\\\/\",\"name\":\"Exclusive Networks Cookie Policy\",\"isPartOf\":{\"@id\":\"https:\\\/\\\/ir.exclusive-networks.com\\\/fr\\\/#website\"},\"datePublished\":\"2022-01-14T16:55:55+00:00\",\"dateModified\":\"2023-09-15T14:27:25+00:00\",\"description\":\"View the Exclusive Networks cookie policy.\",\"breadcrumb\":{\"@id\":\"https:\\\/\\\/ir.exclusive-networks.com\\\/fr\\\/cookie-policy\\\/#breadcrumb\"},\"inLanguage\":\"fr-FR\",\"potentialAction\":[{\"@type\":\"ReadAction\",\"target\":[\"https:\\\/\\\/ir.exclusive-networks.com\\\/fr\\\/cookie-policy\\\/\"]}]},{\"@type\":\"BreadcrumbList\",\"@id\":\"https:\\\/\\\/ir.exclusive-networks.com\\\/fr\\\/cookie-policy\\\/#breadcrumb\",\"itemListElement\":[{\"@type\":\"ListItem\",\"position\":1,\"name\":\"Home\",\"item\":\"https:\\\/\\\/ir.exclusive-networks.com\\\/fr\\\/\"},{\"@type\":\"ListItem\",\"position\":2,\"name\":\"Cookie Policy\"}]},{\"@type\":\"WebSite\",\"@id\":\"https:\\\/\\\/ir.exclusive-networks.com\\\/fr\\\/#website\",\"url\":\"https:\\\/\\\/ir.exclusive-networks.com\\\/fr\\\/\",\"name\":\"Exclusive Networks Investor Relations - France\",\"description\":\"\",\"potentialAction\":[{\"@type\":\"SearchAction\",\"target\":{\"@type\":\"EntryPoint\",\"urlTemplate\":\"https:\\\/\\\/ir.exclusive-networks.com\\\/fr\\\/?s={search_term_string}\"},\"query-input\":{\"@type\":\"PropertyValueSpecification\",\"valueRequired\":true,\"valueName\":\"search_term_string\"}}],\"inLanguage\":\"fr-FR\"}]}<\/script>\n<!-- \/ Yoast SEO Premium plugin. -->","yoast_head_json":{"title":"Exclusive Networks Cookie Policy","description":"View the Exclusive Networks cookie policy.","robots":{"index":"index","follow":"follow","max-snippet":"max-snippet:-1","max-image-preview":"max-image-preview:large","max-video-preview":"max-video-preview:-1"},"canonical":"https:\/\/ir.exclusive-networks.com\/fr\/cookie-policy\/","og_locale":"fr_FR","og_type":"article","og_title":"Cookie Policy","og_description":"View the Exclusive Networks cookie policy.","og_url":"https:\/\/ir.exclusive-networks.com\/fr\/cookie-policy\/","og_site_name":"Exclusive Networks Investor Relations - France","article_modified_time":"2023-09-15T14:27:25+00:00","twitter_card":"summary_large_image","twitter_misc":{"Dur\u00e9e de lecture estim\u00e9e":"3 minutes"},"schema":{"@context":"https:\/\/schema.org","@graph":[{"@type":"WebPage","@id":"https:\/\/ir.exclusive-networks.com\/fr\/cookie-policy\/","url":"https:\/\/ir.exclusive-networks.com\/fr\/cookie-policy\/","name":"Exclusive Networks Cookie Policy","isPartOf":{"@id":"https:\/\/ir.exclusive-networks.com\/fr\/#website"},"datePublished":"2022-01-14T16:55:55+00:00","dateModified":"2023-09-15T14:27:25+00:00","description":"View the Exclusive Networks cookie policy.","breadcrumb":{"@id":"https:\/\/ir.exclusive-networks.com\/fr\/cookie-policy\/#breadcrumb"},"inLanguage":"fr-FR","potentialAction":[{"@type":"ReadAction","target":["https:\/\/ir.exclusive-networks.com\/fr\/cookie-policy\/"]}]},{"@type":"BreadcrumbList","@id":"https:\/\/ir.exclusive-networks.com\/fr\/cookie-policy\/#breadcrumb","itemListElement":[{"@type":"ListItem","position":1,"name":"Home","item":"https:\/\/ir.exclusive-networks.com\/fr\/"},{"@type":"ListItem","position":2,"name":"Cookie Policy"}]},{"@type":"WebSite","@id":"https:\/\/ir.exclusive-networks.com\/fr\/#website","url":"https:\/\/ir.exclusive-networks.com\/fr\/","name":"Exclusive Networks Investor Relations - France","description":"","potentialAction":[{"@type":"SearchAction","target":{"@type":"EntryPoint","urlTemplate":"https:\/\/ir.exclusive-networks.com\/fr\/?s={search_term_string}"},"query-input":{"@type":"PropertyValueSpecification","valueRequired":true,"valueName":"search_term_string"}}],"inLanguage":"fr-FR"}]}},"_links":{"self":[{"href":"https:\/\/ir.exclusive-networks.com\/fr\/wp-json\/wp\/v2\/pages\/1124","targetHints":{"allow":["GET"]}}],"collection":[{"href":"https:\/\/ir.exclusive-networks.com\/fr\/wp-json\/wp\/v2\/pages"}],"about":[{"href":"https:\/\/ir.exclusive-networks.com\/fr\/wp-json\/wp\/v2\/types\/page"}],"author":[{"embeddable":true,"href":"https:\/\/ir.exclusive-networks.com\/fr\/wp-json\/wp\/v2\/users\/1"}],"replies":[{"embeddable":true,"href":"https:\/\/ir.exclusive-networks.com\/fr\/wp-json\/wp\/v2\/comments?post=1124"}],"version-history":[{"count":3,"href":"https:\/\/ir.exclusive-networks.com\/fr\/wp-json\/wp\/v2\/pages\/1124\/revisions"}],"predecessor-version":[{"id":3634,"href":"https:\/\/ir.exclusive-networks.com\/fr\/wp-json\/wp\/v2\/pages\/1124\/revisions\/3634"}],"wp:attachment":[{"href":"https:\/\/ir.exclusive-networks.com\/fr\/wp-json\/wp\/v2\/media?parent=1124"}],"curies":[{"name":"wp","href":"https:\/\/api.w.org\/{rel}","templated":true}]}}